{"id":82,"date":"2022-08-09T16:38:12","date_gmt":"2022-08-09T16:38:12","guid":{"rendered":"https:\/\/jmstructure.pl\/?page_id=82"},"modified":"2023-08-28T14:17:54","modified_gmt":"2023-08-28T14:17:54","slug":"chwastownik","status":"publish","type":"page","link":"https:\/\/jmstructure.pl\/index.php\/chwastownik\/","title":{"rendered":"Chwastownik"},"content":{"rendered":"\t\t<div data-elementor-type=\"wp-page\" data-elementor-id=\"82\" class=\"elementor elementor-82\">\n\t\t\t\t\t\t\t\t\t<section class=\"elementor-section elementor-top-section elementor-element elementor-element-94ac380 elementor-section-boxed elementor-section-height-default elementor-section-height-default\" data-id=\"94ac380\" data-element_type=\"section\">\n\t\t\t\t\t\t<div class=\"elementor-container elementor-column-gap-default\">\n\t\t\t\t\t<div class=\"elementor-column elementor-col-100 elementor-top-column elementor-element elementor-element-be9f09c\" data-id=\"be9f09c\" data-element_type=\"column\">\n\t\t\t<div class=\"elementor-widget-wrap elementor-element-populated\">\n\t\t\t\t\t\t\t\t<div class=\"elementor-element elementor-element-63b19f9 elementor-widget elementor-widget-text-editor\" data-id=\"63b19f9\" data-element_type=\"widget\" data-widget_type=\"text-editor.default\">\n\t\t\t\t<div class=\"elementor-widget-container\">\n\t\t\t<style>\/*! elementor - v3.15.0 - 20-08-2023 *\/\n.elementor-widget-text-editor.elementor-drop-cap-view-stacked .elementor-drop-cap{background-color:#69727d;color:#fff}.elementor-widget-text-editor.elementor-drop-cap-view-framed .elementor-drop-cap{color:#69727d;border:3px solid;background-color:transparent}.elementor-widget-text-editor:not(.elementor-drop-cap-view-default) .elementor-drop-cap{margin-top:8px}.elementor-widget-text-editor:not(.elementor-drop-cap-view-default) .elementor-drop-cap-letter{width:1em;height:1em}.elementor-widget-text-editor .elementor-drop-cap{float:left;text-align:center;line-height:1;font-size:50px}.elementor-widget-text-editor .elementor-drop-cap-letter{display:inline-block}<\/style>\t\t\t\t<p>\u00a0 \u00a0 \u00a0 \u00a0 \u00a0 Nasz chwastownik to zaawansowane i ekologiczne rozwi\u0105zanie dla nowoczesnych gospodarstw. Pozb\u0105d\u017a si\u0119 uci\u0105\u017cliwych chwast\u00f3w z \u0142atwo\u015bci\u0105 i skuteczno\u015bci\u0105, dbaj\u0105c jednocze\u015bnie o \u015brodowisko naturalne. Dzi\u0119ki precyzyjnym mechanizmom i innowacyjnej technologii, nie tylko zwi\u0119kszysz wydajno\u015b\u0107 swojej uprawy, ale r\u00f3wnie\u017c istotnie ograniczysz ilo\u015b\u0107 koniecznych oprysk\u00f3w. W ten spos\u00f3b nie tylko minimalizujesz nak\u0142ady pracy, ale tak\u017ce redukujesz negatywny wp\u0142yw na ekosystem. Nasz chwastownik\u00a0 &#8211; dla czystszych p\u00f3l, lepszych plon\u00f3w, i bardziej zr\u00f3wnowa\u017conej przysz\u0142o\u015bci, bez nadmiernego obci\u0105\u017cania \u015brodowiska.<\/p>\t\t\t\t\t\t<\/div>\n\t\t\t\t<\/div>\n\t\t\t\t\t<\/div>\n\t\t<\/div>\n\t\t\t\t\t\t\t<\/div>\n\t\t<\/section>\n\t\t\t\t\t\t\t<\/div>\n\t\t","protected":false},"excerpt":{"rendered":"<p>Nasz chwastownik to zaawansowane i ekologiczne rozwi\u0105zanie dla nowoczesnych gospodarstw. Pozb\u0105d\u017a si\u0119 uci\u0105\u017cliwych chwast\u00f3w z \u0142atwo\u015bci\u0105 i skuteczno\u015bci\u0105, dbaj\u0105c jednocze\u015bnie o \u015brodowisko naturalne. Dzi\u0119ki precyzyjnym mechanizmom i innowacyjnej technologii, nie tylko zwi\u0119kszysz wydajno\u015b\u0107 swojej uprawy, ale r\u00f3wnie\u017c istotnie ograniczysz ilo\u015b\u0107 koniecznych oprysk\u00f3w. W ten spos\u00f3b nie tylko minimalizujesz nak\u0142ady pracy, ale tak\u017ce redukujesz negatywny wp\u0142yw &#8230; <a title=\"Chwastownik\" class=\"read-more\" href=\"https:\/\/jmstructure.pl\/index.php\/chwastownik\/\" aria-label=\"Wi\u0119cej na Chwastownik\">Dowiedz si\u0119 wi\u0119cej<\/a><\/p>\n","protected":false},"author":1,"featured_media":0,"parent":0,"menu_order":0,"comment_status":"closed","ping_status":"closed","template":"","meta":{"footnotes":""},"_links":{"self":[{"href":"https:\/\/jmstructure.pl\/index.php\/wp-json\/wp\/v2\/pages\/82"}],"collection":[{"href":"https:\/\/jmstructure.pl\/index.php\/wp-json\/wp\/v2\/pages"}],"about":[{"href":"https:\/\/jmstructure.pl\/index.php\/wp-json\/wp\/v2\/types\/page"}],"author":[{"embeddable":true,"href":"https:\/\/jmstructure.pl\/index.php\/wp-json\/wp\/v2\/users\/1"}],"replies":[{"embeddable":true,"href":"https:\/\/jmstructure.pl\/index.php\/wp-json\/wp\/v2\/comments?post=82"}],"version-history":[{"count":13,"href":"https:\/\/jmstructure.pl\/index.php\/wp-json\/wp\/v2\/pages\/82\/revisions"}],"predecessor-version":[{"id":297,"href":"https:\/\/jmstructure.pl\/index.php\/wp-json\/wp\/v2\/pages\/82\/revisions\/297"}],"wp:attachment":[{"href":"https:\/\/jmstructure.pl\/index.php\/wp-json\/wp\/v2\/media?parent=82"}],"curies":[{"name":"wp","href":"https:\/\/api.w.org\/{rel}","templated":true}]}}