{"id":80,"date":"2022-08-09T16:38:12","date_gmt":"2022-08-09T16:38:12","guid":{"rendered":"https:\/\/jmstructure.pl\/?page_id=80"},"modified":"2023-08-28T15:34:31","modified_gmt":"2023-08-28T15:34:31","slug":"niwelator-terenu","status":"publish","type":"page","link":"https:\/\/jmstructure.pl\/index.php\/niwelator-terenu\/","title":{"rendered":"Niwelator terenu"},"content":{"rendered":"\t\t<div data-elementor-type=\"wp-page\" data-elementor-id=\"80\" class=\"elementor elementor-80\">\n\t\t\t\t\t\t\t\t\t<section class=\"elementor-section elementor-top-section elementor-element elementor-element-d37651d elementor-section-boxed elementor-section-height-default elementor-section-height-default\" data-id=\"d37651d\" data-element_type=\"section\">\n\t\t\t\t\t\t<div class=\"elementor-container elementor-column-gap-default\">\n\t\t\t\t\t<div class=\"elementor-column elementor-col-100 elementor-top-column elementor-element elementor-element-a6f59f0\" data-id=\"a6f59f0\" data-element_type=\"column\">\n\t\t\t<div class=\"elementor-widget-wrap elementor-element-populated\">\n\t\t\t\t\t\t\t\t<div class=\"elementor-element elementor-element-64029d8 elementor-position-top elementor-widget elementor-widget-image-box\" data-id=\"64029d8\" data-element_type=\"widget\" data-widget_type=\"image-box.default\">\n\t\t\t\t<div class=\"elementor-widget-container\">\n\t\t\t<style>\/*! elementor - v3.15.0 - 20-08-2023 *\/\n.elementor-widget-image-box .elementor-image-box-content{width:100%}@media (min-width:768px){.elementor-widget-image-box.elementor-position-left .elementor-image-box-wrapper,.elementor-widget-image-box.elementor-position-right .elementor-image-box-wrapper{display:flex}.elementor-widget-image-box.elementor-position-right .elementor-image-box-wrapper{text-align:right;flex-direction:row-reverse}.elementor-widget-image-box.elementor-position-left .elementor-image-box-wrapper{text-align:left;flex-direction:row}.elementor-widget-image-box.elementor-position-top .elementor-image-box-img{margin:auto}.elementor-widget-image-box.elementor-vertical-align-top .elementor-image-box-wrapper{align-items:flex-start}.elementor-widget-image-box.elementor-vertical-align-middle .elementor-image-box-wrapper{align-items:center}.elementor-widget-image-box.elementor-vertical-align-bottom .elementor-image-box-wrapper{align-items:flex-end}}@media (max-width:767px){.elementor-widget-image-box .elementor-image-box-img{margin-left:auto!important;margin-right:auto!important;margin-bottom:15px}}.elementor-widget-image-box .elementor-image-box-img{display:inline-block}.elementor-widget-image-box .elementor-image-box-title a{color:inherit}.elementor-widget-image-box .elementor-image-box-wrapper{text-align:center}.elementor-widget-image-box .elementor-image-box-description{margin:0}<\/style><div class=\"elementor-image-box-wrapper\"><figure class=\"elementor-image-box-img\"><img decoding=\"async\" loading=\"lazy\" width=\"577\" height=\"433\" src=\"https:\/\/jmstructure.pl\/wp-content\/uploads\/2022\/08\/263279233_440251414115371_960982401089044543_n_preview_rev_1.png\" class=\"attachment-full size-full wp-image-214\" alt=\"\" srcset=\"https:\/\/jmstructure.pl\/wp-content\/uploads\/2022\/08\/263279233_440251414115371_960982401089044543_n_preview_rev_1.png 577w, https:\/\/jmstructure.pl\/wp-content\/uploads\/2022\/08\/263279233_440251414115371_960982401089044543_n_preview_rev_1-300x225.png 300w\" sizes=\"(max-width: 577px) 100vw, 577px\" \/><\/figure><\/div>\t\t<\/div>\n\t\t\t\t<\/div>\n\t\t\t\t<div class=\"elementor-element elementor-element-96eb63e elementor-widget elementor-widget-text-editor\" data-id=\"96eb63e\" data-element_type=\"widget\" data-widget_type=\"text-editor.default\">\n\t\t\t\t<div class=\"elementor-widget-container\">\n\t\t\t<style>\/*! elementor - v3.15.0 - 20-08-2023 *\/\n.elementor-widget-text-editor.elementor-drop-cap-view-stacked .elementor-drop-cap{background-color:#69727d;color:#fff}.elementor-widget-text-editor.elementor-drop-cap-view-framed .elementor-drop-cap{color:#69727d;border:3px solid;background-color:transparent}.elementor-widget-text-editor:not(.elementor-drop-cap-view-default) .elementor-drop-cap{margin-top:8px}.elementor-widget-text-editor:not(.elementor-drop-cap-view-default) .elementor-drop-cap-letter{width:1em;height:1em}.elementor-widget-text-editor .elementor-drop-cap{float:left;text-align:center;line-height:1;font-size:50px}.elementor-widget-text-editor .elementor-drop-cap-letter{display:inline-block}<\/style>\t\t\t\t<p>Nasz niwelator terenu &#8211; podniesienie precyzji i wydajno\u015bci w pomiarach terenowych:<\/p><ul><li><p><strong>Doskona\u0142a Precyzja:<\/strong> Nasz niwelator terenu to narz\u0119dzie, kt\u00f3re zapewnia nieskaziteln\u0105 precyzj\u0119 w niwelacji terenu.\u00a0<\/p><\/li><li><p><strong>Wielofunkcyjno\u015b\u0107:<\/strong> Nasz niwelator jest wszechstronny i dostosowuje si\u0119 do r\u00f3\u017cnorodnych zastosowa\u0144.\u00a0<\/p><\/li><li><p><strong>Prosta Obs\u0142uga:<\/strong> Mo\u017cesz skupi\u0107 si\u0119 na pracy, a nie na nauk\u0119 obs\u0142ugi skomplikowanego urz\u0105dzenia.<\/p><\/li><li><p><strong>Trwa\u0142a Konstrukcja:<\/strong> Nasz niwelator jest wytrzyma\u0142y i odporny na warunki zewn\u0119trzne. Solidna konstrukcja gwarantuje d\u0142ugotrwa\u0142e u\u017cytkowanie, nawet w trudnych warunkach terenowych.<\/p><\/li><\/ul>\t\t\t\t\t\t<\/div>\n\t\t\t\t<\/div>\n\t\t\t\t\t<\/div>\n\t\t<\/div>\n\t\t\t\t\t\t\t<\/div>\n\t\t<\/section>\n\t\t\t\t\t\t\t<\/div>\n\t\t","protected":false},"excerpt":{"rendered":"<p>Nasz niwelator terenu &#8211; podniesienie precyzji i wydajno\u015bci w pomiarach terenowych: Doskona\u0142a Precyzja: Nasz niwelator terenu to narz\u0119dzie, kt\u00f3re zapewnia nieskaziteln\u0105 precyzj\u0119 w niwelacji terenu.\u00a0 Wielofunkcyjno\u015b\u0107: Nasz niwelator jest wszechstronny i dostosowuje si\u0119 do r\u00f3\u017cnorodnych zastosowa\u0144.\u00a0 Prosta Obs\u0142uga: Mo\u017cesz skupi\u0107 si\u0119 na pracy, a nie na nauk\u0119 obs\u0142ugi skomplikowanego urz\u0105dzenia. Trwa\u0142a Konstrukcja: Nasz niwelator jest &#8230; <a title=\"Niwelator terenu\" class=\"read-more\" href=\"https:\/\/jmstructure.pl\/index.php\/niwelator-terenu\/\" aria-label=\"Wi\u0119cej na Niwelator terenu\">Dowiedz si\u0119 wi\u0119cej<\/a><\/p>\n","protected":false},"author":1,"featured_media":0,"parent":0,"menu_order":0,"comment_status":"closed","ping_status":"closed","template":"","meta":{"footnotes":""},"_links":{"self":[{"href":"https:\/\/jmstructure.pl\/index.php\/wp-json\/wp\/v2\/pages\/80"}],"collection":[{"href":"https:\/\/jmstructure.pl\/index.php\/wp-json\/wp\/v2\/pages"}],"about":[{"href":"https:\/\/jmstructure.pl\/index.php\/wp-json\/wp\/v2\/types\/page"}],"author":[{"embeddable":true,"href":"https:\/\/jmstructure.pl\/index.php\/wp-json\/wp\/v2\/users\/1"}],"replies":[{"embeddable":true,"href":"https:\/\/jmstructure.pl\/index.php\/wp-json\/wp\/v2\/comments?post=80"}],"version-history":[{"count":10,"href":"https:\/\/jmstructure.pl\/index.php\/wp-json\/wp\/v2\/pages\/80\/revisions"}],"predecessor-version":[{"id":395,"href":"https:\/\/jmstructure.pl\/index.php\/wp-json\/wp\/v2\/pages\/80\/revisions\/395"}],"wp:attachment":[{"href":"https:\/\/jmstructure.pl\/index.php\/wp-json\/wp\/v2\/media?parent=80"}],"curies":[{"name":"wp","href":"https:\/\/api.w.org\/{rel}","templated":true}]}}