{"id":8,"date":"2022-08-08T19:29:56","date_gmt":"2022-08-08T19:29:56","guid":{"rendered":"https:\/\/jmstructure.pl\/?page_id=8"},"modified":"2022-08-09T17:23:49","modified_gmt":"2022-08-09T17:23:49","slug":"konstrukcje-stalowe","status":"publish","type":"page","link":"https:\/\/jmstructure.pl\/index.php\/konstrukcje-stalowe\/","title":{"rendered":"Konstrukcje stalowe"},"content":{"rendered":"\t\t<div data-elementor-type=\"wp-page\" data-elementor-id=\"8\" class=\"elementor elementor-8\">\n\t\t\t\t\t\t\t\t\t<section class=\"elementor-section elementor-top-section elementor-element elementor-element-281e8777 elementor-section-boxed elementor-section-height-default elementor-section-height-default\" data-id=\"281e8777\" data-element_type=\"section\">\n\t\t\t\t\t\t<div class=\"elementor-container elementor-column-gap-default\">\n\t\t\t\t\t<div class=\"elementor-column elementor-col-100 elementor-top-column elementor-element elementor-element-417089a5\" data-id=\"417089a5\" data-element_type=\"column\">\n\t\t\t<div class=\"elementor-widget-wrap elementor-element-populated\">\n\t\t\t\t\t\t\t\t<div class=\"elementor-element elementor-element-7a41499f elementor-widget elementor-widget-text-editor\" data-id=\"7a41499f\" data-element_type=\"widget\" data-widget_type=\"text-editor.default\">\n\t\t\t\t<div class=\"elementor-widget-container\">\n\t\t\t<style>\/*! elementor - v3.15.0 - 20-08-2023 *\/\n.elementor-widget-text-editor.elementor-drop-cap-view-stacked .elementor-drop-cap{background-color:#69727d;color:#fff}.elementor-widget-text-editor.elementor-drop-cap-view-framed .elementor-drop-cap{color:#69727d;border:3px solid;background-color:transparent}.elementor-widget-text-editor:not(.elementor-drop-cap-view-default) .elementor-drop-cap{margin-top:8px}.elementor-widget-text-editor:not(.elementor-drop-cap-view-default) .elementor-drop-cap-letter{width:1em;height:1em}.elementor-widget-text-editor .elementor-drop-cap{float:left;text-align:center;line-height:1;font-size:50px}.elementor-widget-text-editor .elementor-drop-cap-letter{display:inline-block}<\/style>\t\t\t\t<!-- wp:paragraph -->\n<p>Od projektu, po wykonanie i monta\u017c.<\/p>\n<!-- \/wp:paragraph -->\n\n<!-- wp:paragraph -->\n<p>Pracownicy&nbsp; firmy JM Structure posiadaj\u0105 odpowiednie kwalifikacje oraz do\u015bwiadczenie zawodowe pozwalaj\u0105ce na prawid\u0142owe wykonanie zgodne z dokumentacj\u0105 techniczn\u0105 powierzonych zlece\u0144.<\/p>\n<!-- \/wp:paragraph -->\n\n<!-- wp:paragraph -->\n<p>Jako\u015b\u0107 i bezpiecze\u0144stwo wykonywanych wyrob\u00f3w.<\/p>\n<!-- \/wp:paragraph -->\n\n<!-- wp:paragraph -->\n<p>Konstrukcje stalowe realizowane przez firm\u0119 JM Structure spe\u0142niaj\u0105 wymagania odpowiednich norm oraz przepis\u00f3w, kt\u00f3re wyznaczaj\u0105 wytyczne procesu wykonawczego. Dbaj\u0105c o zgodno\u015b\u0107 projektu z dokumentacj\u0105 wykonawcz\u0105 spe\u0142niany wymagania stawiane w standardach, normach i dokumentacji technicznej.<\/p>\n<!-- \/wp:paragraph -->\n\n<!-- wp:paragraph -->\n<p>Szczeg\u00f3lny nacisk podczas realizacji konstrukcji stawiamy na bezpiecze\u0144stwo jej eksploatacji. Stosowane wytyczne zapewniaj\u0105 zachowanie odpowiedniej no\u015bno\u015bci, stateczno\u015bci, trwa\u0142o\u015bci i u\u017cyteczno\u015bci konstrukcji. Norma, kt\u00f3ra zawiera wskaz\u00f3wki zwi\u0105zane z wykonaniem konstrukcji oraz stosowana jest w naszym zak\u0142adzie posiada oznaczenie:<\/p>\n<!-- \/wp:paragraph -->\n\n<!-- wp:paragraph -->\n<p><strong>PN-EN 1090-2<\/strong> Wykonanie konstrukcji stalowych i aluminiowych &#8211; Cz\u0119\u015b\u0107 2: Wymagania techniczne dotycz\u0105ce wykonania konstrukcji stalowych,<\/p>\n<!-- \/wp:paragraph -->\n\n<!-- wp:paragraph -->\n<p>&nbsp;&nbsp;&nbsp;&nbsp;&nbsp;&nbsp;&nbsp;&nbsp;&nbsp;&nbsp;&nbsp;&nbsp;&nbsp;&nbsp;&nbsp; Opieraj\u0105c si\u0119 na wytycznych normy PN-EN 1090 jeste\u015bmy w stanie wykona\u0107 konstrukcje stalowe spe\u0142niaj\u0105ce wymagania klasy wykonania <strong>EXC1.<\/strong><\/p>\n<!-- \/wp:paragraph -->\n\n<!-- wp:paragraph -->\n<p>Biuro konstrukcyjne<\/p>\n<!-- \/wp:paragraph -->\n\n<!-- wp:paragraph -->\n<p>Nowoczesne programy typu <strong>CAD \u2013 2D i 3D<\/strong> daj\u0105 nam mo\u017cliwo\u015b\u0107 realizacji otrzymanych zlece\u0144 kompleksowo: od om\u00f3wienia wymaga\u0144, poprzez opracowanie koncepcji projektowej, na wytworzeniu dokumentacji projektowej i przeprowadzeniu szkolenia z u\u017cytkowania maszyny ko\u0144cz\u0105c.<\/p>\n<!-- \/wp:paragraph -->\n\n<!-- wp:paragraph -->\n<p>Proces tworzenia dokumentacji rozpoczynamy od konsultacji z zamawiaj\u0105cym &#8211; propozycje rozwi\u0105za\u0144 technicznych musz\u0105 zosta\u0107 zaakceptowane przez zamawiaj\u0105cego.<\/p>\n<!-- \/wp:paragraph -->\n\n<!-- wp:paragraph -->\n<p>Do\u015bwiadczenie w produkcji gwarantuje zadowolenie z produktu finalnego oraz dopasowanie do potrzeb klienta.<\/p>\n<!-- \/wp:paragraph -->\t\t\t\t\t\t<\/div>\n\t\t\t\t<\/div>\n\t\t\t\t\t<\/div>\n\t\t<\/div>\n\t\t\t\t\t\t\t<\/div>\n\t\t<\/section>\n\t\t\t\t\t\t\t<\/div>\n\t\t","protected":false},"excerpt":{"rendered":"<p>Od projektu, po wykonanie i monta\u017c. Pracownicy&nbsp; firmy JM Structure posiadaj\u0105 odpowiednie kwalifikacje oraz do\u015bwiadczenie zawodowe pozwalaj\u0105ce na prawid\u0142owe wykonanie zgodne z dokumentacj\u0105 techniczn\u0105 powierzonych zlece\u0144. Jako\u015b\u0107 i bezpiecze\u0144stwo wykonywanych wyrob\u00f3w. Konstrukcje stalowe realizowane przez firm\u0119 JM Structure spe\u0142niaj\u0105 wymagania odpowiednich norm oraz przepis\u00f3w, kt\u00f3re wyznaczaj\u0105 wytyczne procesu wykonawczego. Dbaj\u0105c o zgodno\u015b\u0107 projektu z dokumentacj\u0105 &#8230; <a title=\"Konstrukcje stalowe\" class=\"read-more\" href=\"https:\/\/jmstructure.pl\/index.php\/konstrukcje-stalowe\/\" aria-label=\"Wi\u0119cej na Konstrukcje stalowe\">Dowiedz si\u0119 wi\u0119cej<\/a><\/p>\n","protected":false},"author":1,"featured_media":0,"parent":0,"menu_order":0,"comment_status":"closed","ping_status":"closed","template":"","meta":{"footnotes":""},"_links":{"self":[{"href":"https:\/\/jmstructure.pl\/index.php\/wp-json\/wp\/v2\/pages\/8"}],"collection":[{"href":"https:\/\/jmstructure.pl\/index.php\/wp-json\/wp\/v2\/pages"}],"about":[{"href":"https:\/\/jmstructure.pl\/index.php\/wp-json\/wp\/v2\/types\/page"}],"author":[{"embeddable":true,"href":"https:\/\/jmstructure.pl\/index.php\/wp-json\/wp\/v2\/users\/1"}],"replies":[{"embeddable":true,"href":"https:\/\/jmstructure.pl\/index.php\/wp-json\/wp\/v2\/comments?post=8"}],"version-history":[{"count":13,"href":"https:\/\/jmstructure.pl\/index.php\/wp-json\/wp\/v2\/pages\/8\/revisions"}],"predecessor-version":[{"id":128,"href":"https:\/\/jmstructure.pl\/index.php\/wp-json\/wp\/v2\/pages\/8\/revisions\/128"}],"wp:attachment":[{"href":"https:\/\/jmstructure.pl\/index.php\/wp-json\/wp\/v2\/media?parent=8"}],"curies":[{"name":"wp","href":"https:\/\/api.w.org\/{rel}","templated":true}]}}