{"id":77,"date":"2022-08-09T16:38:12","date_gmt":"2022-08-09T16:38:12","guid":{"rendered":"https:\/\/jmstructure.pl\/?page_id=77"},"modified":"2023-08-28T15:15:57","modified_gmt":"2023-08-28T15:15:57","slug":"lyzko-krokodyl","status":"publish","type":"page","link":"https:\/\/jmstructure.pl\/index.php\/lyzko-krokodyl\/","title":{"rendered":"\u0141y\u017cko &#8211; Krokodyl 2 si\u0142owniki"},"content":{"rendered":"\t\t<div data-elementor-type=\"wp-page\" data-elementor-id=\"77\" class=\"elementor elementor-77\">\n\t\t\t\t\t\t\t\t\t<section class=\"elementor-section elementor-top-section elementor-element elementor-element-705d230 elementor-section-boxed elementor-section-height-default elementor-section-height-default\" data-id=\"705d230\" data-element_type=\"section\">\n\t\t\t\t\t\t<div class=\"elementor-container elementor-column-gap-default\">\n\t\t\t\t\t<div class=\"elementor-column elementor-col-100 elementor-top-column elementor-element elementor-element-4a278de\" data-id=\"4a278de\" data-element_type=\"column\">\n\t\t\t<div class=\"elementor-widget-wrap elementor-element-populated\">\n\t\t\t\t\t\t\t\t<div class=\"elementor-element elementor-element-c0a6b53 elementor-widget elementor-widget-text-editor\" data-id=\"c0a6b53\" data-element_type=\"widget\" data-widget_type=\"text-editor.default\">\n\t\t\t\t<div class=\"elementor-widget-container\">\n\t\t\t<style>\/*! elementor - v3.15.0 - 20-08-2023 *\/\n.elementor-widget-text-editor.elementor-drop-cap-view-stacked .elementor-drop-cap{background-color:#69727d;color:#fff}.elementor-widget-text-editor.elementor-drop-cap-view-framed .elementor-drop-cap{color:#69727d;border:3px solid;background-color:transparent}.elementor-widget-text-editor:not(.elementor-drop-cap-view-default) .elementor-drop-cap{margin-top:8px}.elementor-widget-text-editor:not(.elementor-drop-cap-view-default) .elementor-drop-cap-letter{width:1em;height:1em}.elementor-widget-text-editor .elementor-drop-cap{float:left;text-align:center;line-height:1;font-size:50px}.elementor-widget-text-editor .elementor-drop-cap-letter{display:inline-block}<\/style>\t\t\t\t<p>Prezentujemy nasz\u0105 flagow\u0105 wersj\u0119 &#8222;\u0141y\u017cko &#8211; Krokodyla&#8221; &#8211; najwy\u017cszej klasy osprz\u0119t do \u0142adowacza czo\u0142owego:<\/p><ul><li><p><strong>Doskona\u0142a Wydajno\u015b\u0107:<\/strong> &#8222;\u0141y\u017cko &#8211; Krokodyl&#8221; to szczytowe osi\u0105gni\u0119cie w dziedzinie osprz\u0119tu do \u0142adowacza czo\u0142owego. Dzi\u0119ki zaawansowanej technologii i innowacyjnym rozwi\u0105zaniom, zapewniamy niepor\u00f3wnywaln\u0105 wydajno\u015b\u0107 i efektywno\u015b\u0107 w pracy.<\/p><\/li><li><p><strong>Precyzja na Wysokim Poziomie:<\/strong> Nasz osprz\u0119t zosta\u0142 zaprojektowany z my\u015bl\u0105 o najwy\u017cszej precyzji. Ruchome szcz\u0119ki &#8222;\u0141y\u017cko &#8211; Krokodyl&#8221; s\u0105 w stanie dok\u0142adnie i skutecznie chwyci\u0107 nawet najbardziej wymagaj\u0105ce materia\u0142y, umo\u017cliwiaj\u0105c kontrolowane i bezpieczne prace.<\/p><\/li><li><p><strong>Innowacyjne Materia\u0142y:<\/strong> &#8222;\u0141y\u017cko &#8211; Krokodyl&#8221; zosta\u0142 wykonany z najwy\u017cszej jako\u015bci materia\u0142\u00f3w, gwarantuj\u0105cych nie tylko wytrzyma\u0142o\u015b\u0107, ale tak\u017ce d\u0142ugotrwa\u0142\u0105 trwa\u0142o\u015b\u0107 w ka\u017cdych warunkach. To osprz\u0119t, kt\u00f3ry sprosta nawet najtrudniejszym wyzwaniom.<\/p><\/li><li><p><strong>Niezr\u00f3wnana Ergonomia:<\/strong> Nasz osprz\u0119t to nie tylko wydajno\u015b\u0107, to r\u00f3wnie\u017c komfort pracy. Ergonomiczne u\u0142o\u017cenie element\u00f3w i intuicyjna obs\u0142uga zapewniaj\u0105 nie tylko szybko\u015b\u0107, ale tak\u017ce wygod\u0119 w trakcie pracy.<\/p><\/li><li><p><strong>Doskona\u0142e Dopasowanie:<\/strong> &#8222;\u0141y\u017cko &#8211; Krokodyl&#8221; jest dostosowany do r\u00f3\u017cnorodnych zastosowa\u0144 i bran\u017c. Bez wzgl\u0119du na specyfik\u0119 Twojej pracy, nasz osprz\u0119t zapewni najlepsze wyniki.<\/p><\/li><li><p><strong>Najnowsza Technologia:<\/strong> Wykorzystujemy najnowsze rozwi\u0105zania technologiczne, by dostarczy\u0107 Ci osprz\u0119t, kt\u00f3ry stoi na czele innowacji w dziedzinie za\u0142adunku i przenoszenia materia\u0142\u00f3w.<\/p><\/li><li><p><strong>Szeroka Gama Dost\u0119pnych Opcji:<\/strong> &#8222;\u0141y\u017cko &#8211; Krokodyl&#8221; jest dost\u0119pny w r\u00f3\u017cnych konfiguracjach, by\u015b m\u00f3g\u0142 wybra\u0107 idealny model, spe\u0142niaj\u0105cy Twoje oczekiwania.<\/p><\/li><\/ul><p>&#8222;\u0141y\u017cko &#8211; Krokodyl&#8221; to wyb\u00f3r os\u00f3b, kt\u00f3re nie akceptuj\u0105 kompromis\u00f3w w kwestii jako\u015bci i wydajno\u015bci. Przekszta\u0142\u0107 swoj\u0105 prac\u0119 za pomoc\u0105 osprz\u0119tu, kt\u00f3ry definiuje nowe standardy bran\u017cowe.<\/p>\t\t\t\t\t\t<\/div>\n\t\t\t\t<\/div>\n\t\t\t\t\t<\/div>\n\t\t<\/div>\n\t\t\t\t\t\t\t<\/div>\n\t\t<\/section>\n\t\t\t\t\t\t\t<\/div>\n\t\t","protected":false},"excerpt":{"rendered":"<p>Prezentujemy nasz\u0105 flagow\u0105 wersj\u0119 &#8222;\u0141y\u017cko &#8211; Krokodyla&#8221; &#8211; najwy\u017cszej klasy osprz\u0119t do \u0142adowacza czo\u0142owego: Doskona\u0142a Wydajno\u015b\u0107: &#8222;\u0141y\u017cko &#8211; Krokodyl&#8221; to szczytowe osi\u0105gni\u0119cie w dziedzinie osprz\u0119tu do \u0142adowacza czo\u0142owego. Dzi\u0119ki zaawansowanej technologii i innowacyjnym rozwi\u0105zaniom, zapewniamy niepor\u00f3wnywaln\u0105 wydajno\u015b\u0107 i efektywno\u015b\u0107 w pracy. Precyzja na Wysokim Poziomie: Nasz osprz\u0119t zosta\u0142 zaprojektowany z my\u015bl\u0105 o najwy\u017cszej precyzji. Ruchome &#8230; <a title=\"\u0141y\u017cko &#8211; Krokodyl 2 si\u0142owniki\" class=\"read-more\" href=\"https:\/\/jmstructure.pl\/index.php\/lyzko-krokodyl\/\" aria-label=\"Wi\u0119cej na \u0141y\u017cko &#8211; Krokodyl 2 si\u0142owniki\">Dowiedz si\u0119 wi\u0119cej<\/a><\/p>\n","protected":false},"author":1,"featured_media":0,"parent":0,"menu_order":0,"comment_status":"closed","ping_status":"closed","template":"","meta":{"footnotes":""},"_links":{"self":[{"href":"https:\/\/jmstructure.pl\/index.php\/wp-json\/wp\/v2\/pages\/77"}],"collection":[{"href":"https:\/\/jmstructure.pl\/index.php\/wp-json\/wp\/v2\/pages"}],"about":[{"href":"https:\/\/jmstructure.pl\/index.php\/wp-json\/wp\/v2\/types\/page"}],"author":[{"embeddable":true,"href":"https:\/\/jmstructure.pl\/index.php\/wp-json\/wp\/v2\/users\/1"}],"replies":[{"embeddable":true,"href":"https:\/\/jmstructure.pl\/index.php\/wp-json\/wp\/v2\/comments?post=77"}],"version-history":[{"count":5,"href":"https:\/\/jmstructure.pl\/index.php\/wp-json\/wp\/v2\/pages\/77\/revisions"}],"predecessor-version":[{"id":377,"href":"https:\/\/jmstructure.pl\/index.php\/wp-json\/wp\/v2\/pages\/77\/revisions\/377"}],"wp:attachment":[{"href":"https:\/\/jmstructure.pl\/index.php\/wp-json\/wp\/v2\/media?parent=77"}],"curies":[{"name":"wp","href":"https:\/\/api.w.org\/{rel}","templated":true}]}}