{"id":6,"date":"2022-08-08T19:29:56","date_gmt":"2022-08-08T19:29:56","guid":{"rendered":"https:\/\/jmstructure.pl\/?page_id=6"},"modified":"2023-08-28T13:59:23","modified_gmt":"2023-08-28T13:59:23","slug":"home","status":"publish","type":"page","link":"https:\/\/jmstructure.pl\/","title":{"rendered":""},"content":{"rendered":"\t\t<div data-elementor-type=\"wp-page\" data-elementor-id=\"6\" class=\"elementor elementor-6\">\n\t\t\t\t\t\t\t\t\t<section class=\"elementor-section elementor-top-section elementor-element elementor-element-10ca6a5 elementor-section-boxed elementor-section-height-default elementor-section-height-default\" data-id=\"10ca6a5\" data-element_type=\"section\">\n\t\t\t\t\t\t<div class=\"elementor-container elementor-column-gap-default\">\n\t\t\t\t\t<div class=\"elementor-column elementor-col-100 elementor-top-column elementor-element elementor-element-5af947f\" data-id=\"5af947f\" data-element_type=\"column\">\n\t\t\t<div class=\"elementor-widget-wrap elementor-element-populated\">\n\t\t\t\t\t\t\t\t<div class=\"elementor-element elementor-element-a9ff9c9 elementor-widget elementor-widget-text-editor\" data-id=\"a9ff9c9\" data-element_type=\"widget\" data-widget_type=\"text-editor.default\">\n\t\t\t\t<div class=\"elementor-widget-container\">\n\t\t\t<style>\/*! elementor - v3.15.0 - 20-08-2023 *\/\n.elementor-widget-text-editor.elementor-drop-cap-view-stacked .elementor-drop-cap{background-color:#69727d;color:#fff}.elementor-widget-text-editor.elementor-drop-cap-view-framed .elementor-drop-cap{color:#69727d;border:3px solid;background-color:transparent}.elementor-widget-text-editor:not(.elementor-drop-cap-view-default) .elementor-drop-cap{margin-top:8px}.elementor-widget-text-editor:not(.elementor-drop-cap-view-default) .elementor-drop-cap-letter{width:1em;height:1em}.elementor-widget-text-editor .elementor-drop-cap{float:left;text-align:center;line-height:1;font-size:50px}.elementor-widget-text-editor .elementor-drop-cap-letter{display:inline-block}<\/style>\t\t\t\t<div data-pm-slice=\"1 1 []\"><div data-align=\"center\"><div style=\"line-height: 1.714;\" data-pm-slice=\"1 1 []\"><div data-align=\"justify\"><div data-align=\"center\" data-pm-slice=\"1 1 []\"><h2><strong>Maszyny rolnicze JM &#8211; gwarancja Twojego zadowolenia<br \/><\/strong><\/h2><\/div><p>\u00a0 \u00a0 \u00a0 \u00a0 Jeste\u015bmy wiod\u0105cym producentem wysokiej jako\u015bci osprz\u0119tu do \u0142adowaczy czo\u0142owych. Nasza pasja i zaanga\u017cowanie w tworzenie innowacyjnych rozwi\u0105za\u0144 dla rolnictwa sprawiaj\u0105, \u017ce jeste\u015bmy partnerem, na kt\u00f3rym mo\u017cesz polega\u0107.<\/p><p>\u00a0 \u00a0 \u00a0 \u00a0 Nasze produkty s\u0105 owocem d\u0142ugoletniego do\u015bwiadczenia i intensywnych bada\u0144, maj\u0105cych na celu dostarczanie rozwi\u0105za\u0144, kt\u00f3re spe\u0142niaj\u0105 i przewy\u017cszaj\u0105 oczekiwania naszych klient\u00f3w. Bez wzgl\u0119du na wymagania Twojego gospodarstwa, oferujemy szeroki wyb\u00f3r osprz\u0119tu, kt\u00f3ry zapewni efektywno\u015b\u0107, trwa\u0142o\u015b\u0107 i precyzj\u0119 w ka\u017cdym zastosowaniu.<\/p><p>\u00a0<\/p><\/div><\/div><h2><strong>Solidno\u015b\u0107 w Ka\u017cdym Detalu: Odkryj Nasze Wyj\u0105tkowe Konstrukcje Stalowe!\u00a0\u00a0<\/strong><\/h2><\/div><\/div><p>\u00a0 \u00a0 \u00a0 \u00a0Jeste\u015bmy cenionym producentem wysokiej jako\u015bci konstrukcji stalowych, kt\u00f3re stanowi\u0105 fundament trwa\u0142o\u015bci i innowacyjno\u015bci w r\u00f3\u017cnorodnych projektach. Nasza pasja do tworzenia wyj\u0105tkowych struktur oraz zdolno\u015b\u0107 do spe\u0142niania najbardziej wymagaj\u0105cych oczekiwa\u0144 czyni\u0105 nas liderem w bran\u017cy.<\/p><p>\u00a0 \u00a0 \u00a0 \u00a0Nasze konstrukcje stalowe to efekt \u0142\u0105czenia do\u015bwiadczenia z nowoczesnym podej\u015bciem do projektowania i produkcji. Bez wzgl\u0119du na skal\u0119 projektu, oferujemy rozwi\u0105zania dostosowane do Twoich potrzeb, gwarantuj\u0105c trwa\u0142o\u015b\u0107, niezawodno\u015b\u0107 i estetyk\u0119.<\/p><div data-align=\"center\"><p>\u00a0<\/p><\/div>\t\t\t\t\t\t<\/div>\n\t\t\t\t<\/div>\n\t\t\t\t\t<\/div>\n\t\t<\/div>\n\t\t\t\t\t\t\t<\/div>\n\t\t<\/section>\n\t\t\t\t<section class=\"elementor-section elementor-top-section elementor-element elementor-element-55eda74 elementor-section-boxed elementor-section-height-default elementor-section-height-default\" data-id=\"55eda74\" data-element_type=\"section\">\n\t\t\t\t\t\t<div class=\"elementor-container elementor-column-gap-default\">\n\t\t\t\t\t<div class=\"elementor-column elementor-col-100 elementor-top-column elementor-element elementor-element-272d2af\" data-id=\"272d2af\" data-element_type=\"column\">\n\t\t\t<div class=\"elementor-widget-wrap elementor-element-populated\">\n\t\t\t\t\t\t\t\t<section class=\"elementor-section elementor-inner-section elementor-element elementor-element-8b018b9 elementor-section-boxed elementor-section-height-default elementor-section-height-default\" data-id=\"8b018b9\" data-element_type=\"section\">\n\t\t\t\t\t\t<div class=\"elementor-container elementor-column-gap-default\">\n\t\t\t\t\t<div class=\"elementor-column elementor-col-50 elementor-inner-column elementor-element elementor-element-2fc91f8\" data-id=\"2fc91f8\" data-element_type=\"column\">\n\t\t\t<div class=\"elementor-widget-wrap\">\n\t\t\t\t\t\t\t\t\t<\/div>\n\t\t<\/div>\n\t\t\t\t<div class=\"elementor-column elementor-col-50 elementor-inner-column elementor-element elementor-element-6a31dc8\" data-id=\"6a31dc8\" data-element_type=\"column\">\n\t\t\t<div class=\"elementor-widget-wrap\">\n\t\t\t\t\t\t\t\t\t<\/div>\n\t\t<\/div>\n\t\t\t\t\t\t\t<\/div>\n\t\t<\/section>\n\t\t\t\t\t<\/div>\n\t\t<\/div>\n\t\t\t\t\t\t\t<\/div>\n\t\t<\/section>\n\t\t\t\t\t\t\t<\/div>\n\t\t","protected":false},"excerpt":{"rendered":"<p>Maszyny rolnicze JM &#8211; gwarancja Twojego zadowolenia \u00a0 \u00a0 \u00a0 \u00a0 Jeste\u015bmy wiod\u0105cym producentem wysokiej jako\u015bci osprz\u0119tu do \u0142adowaczy czo\u0142owych. Nasza pasja i zaanga\u017cowanie w tworzenie innowacyjnych rozwi\u0105za\u0144 dla rolnictwa sprawiaj\u0105, \u017ce jeste\u015bmy partnerem, na kt\u00f3rym mo\u017cesz polega\u0107. \u00a0 \u00a0 \u00a0 \u00a0 Nasze produkty s\u0105 owocem d\u0142ugoletniego do\u015bwiadczenia i intensywnych bada\u0144, maj\u0105cych na celu dostarczanie &#8230; <a title=\"\" class=\"read-more\" href=\"https:\/\/jmstructure.pl\/\" aria-label=\"Wi\u0119cej na \">Dowiedz si\u0119 wi\u0119cej<\/a><\/p>\n","protected":false},"author":1,"featured_media":0,"parent":0,"menu_order":0,"comment_status":"closed","ping_status":"closed","template":"","meta":{"footnotes":""},"_links":{"self":[{"href":"https:\/\/jmstructure.pl\/index.php\/wp-json\/wp\/v2\/pages\/6"}],"collection":[{"href":"https:\/\/jmstructure.pl\/index.php\/wp-json\/wp\/v2\/pages"}],"about":[{"href":"https:\/\/jmstructure.pl\/index.php\/wp-json\/wp\/v2\/types\/page"}],"author":[{"embeddable":true,"href":"https:\/\/jmstructure.pl\/index.php\/wp-json\/wp\/v2\/users\/1"}],"replies":[{"embeddable":true,"href":"https:\/\/jmstructure.pl\/index.php\/wp-json\/wp\/v2\/comments?post=6"}],"version-history":[{"count":33,"href":"https:\/\/jmstructure.pl\/index.php\/wp-json\/wp\/v2\/pages\/6\/revisions"}],"predecessor-version":[{"id":278,"href":"https:\/\/jmstructure.pl\/index.php\/wp-json\/wp\/v2\/pages\/6\/revisions\/278"}],"wp:attachment":[{"href":"https:\/\/jmstructure.pl\/index.php\/wp-json\/wp\/v2\/media?parent=6"}],"curies":[{"name":"wp","href":"https:\/\/api.w.org\/{rel}","templated":true}]}}