{"id":349,"date":"2023-08-28T14:48:39","date_gmt":"2023-08-28T14:48:39","guid":{"rendered":"https:\/\/jmstructure.pl\/?page_id=349"},"modified":"2023-08-28T15:31:26","modified_gmt":"2023-08-28T15:31:26","slug":"obciaznik-tuz","status":"publish","type":"page","link":"https:\/\/jmstructure.pl\/index.php\/obciaznik-tuz\/","title":{"rendered":"Obci\u0105\u017cnik TUZ"},"content":{"rendered":"\t\t<div data-elementor-type=\"wp-page\" data-elementor-id=\"349\" class=\"elementor elementor-349\">\n\t\t\t\t\t\t\t\t\t<section class=\"elementor-section elementor-top-section elementor-element elementor-element-39e9eba elementor-section-boxed elementor-section-height-default elementor-section-height-default\" data-id=\"39e9eba\" data-element_type=\"section\">\n\t\t\t\t\t\t<div class=\"elementor-container elementor-column-gap-default\">\n\t\t\t\t\t<div class=\"elementor-column elementor-col-100 elementor-top-column elementor-element elementor-element-58f9ba9\" data-id=\"58f9ba9\" data-element_type=\"column\">\n\t\t\t<div class=\"elementor-widget-wrap elementor-element-populated\">\n\t\t\t\t\t\t\t\t<div class=\"elementor-element elementor-element-122e6d4 elementor-widget elementor-widget-text-editor\" data-id=\"122e6d4\" data-element_type=\"widget\" data-widget_type=\"text-editor.default\">\n\t\t\t\t<div class=\"elementor-widget-container\">\n\t\t\t<style>\/*! elementor - v3.15.0 - 20-08-2023 *\/\n.elementor-widget-text-editor.elementor-drop-cap-view-stacked .elementor-drop-cap{background-color:#69727d;color:#fff}.elementor-widget-text-editor.elementor-drop-cap-view-framed .elementor-drop-cap{color:#69727d;border:3px solid;background-color:transparent}.elementor-widget-text-editor:not(.elementor-drop-cap-view-default) .elementor-drop-cap{margin-top:8px}.elementor-widget-text-editor:not(.elementor-drop-cap-view-default) .elementor-drop-cap-letter{width:1em;height:1em}.elementor-widget-text-editor .elementor-drop-cap{float:left;text-align:center;line-height:1;font-size:50px}.elementor-widget-text-editor .elementor-drop-cap-letter{display:inline-block}<\/style>\t\t\t\t<p>Nasze obci\u0105\u017cniki TUZ &#8211; doskona\u0142e rozwi\u0105zanie dla Twojego ci\u0105gnika:<\/p><ul><li><p><strong>Optymalne Dopasowanie:<\/strong> Nasze obci\u0105\u017cniki TUZ zosta\u0142y stworzone, aby dostosowa\u0107 si\u0119 do r\u00f3\u017cnorodnych modeli ci\u0105gnik\u00f3w. Zapewniaj\u0105 idealne dopasowanie do uk\u0142adu zawieszania trzypunktowego (TUZ) Twojego ci\u0105gnika.<\/p><\/li><li><p><strong>Zwi\u0119kszona Stabilno\u015b\u0107:<\/strong> Dzi\u0119ki strategicznie rozmieszczonym obci\u0105\u017cnikom, uzyskasz znacz\u0105c\u0105 popraw\u0119 w stabilno\u015bci ci\u0105gnika podczas pracy. To oznacza pewniejsze manewrowanie i bezpieczniejsze operacje.<\/p><\/li><li><p><strong>Zr\u00f3\u017cnicowana waga:<\/strong> Nasze obci\u0105\u017cniki dost\u0119pne s\u0105 w 3 wagach: <strong>500kg, 700kg, 1000kg.<\/strong><\/p><\/li><li><p><strong>Solidna Konstrukcja:<\/strong> Obci\u0105\u017cniki zosta\u0142y stworzone z wytrzyma\u0142ych materia\u0142\u00f3w, co zapewnia ich d\u0142ugotrwa\u0142\u0105 trwa\u0142o\u015b\u0107 oraz niezawodno\u015b\u0107 w trudnych warunkach pracy.<\/p><\/li><li><p><strong>Prosty Monta\u017c:<\/strong> Nasze obci\u0105\u017cniki s\u0105 \u0142atwe do monta\u017cu, dzi\u0119ki czemu mo\u017cesz szybko i sprawnie dostosowa\u0107 sw\u00f3j ci\u0105gnik do konkretnych zada\u0144.<\/p><\/li><li><p><strong>Estetyczny Wygl\u0105d:<\/strong> Nasze obci\u0105\u017cniki nie tylko przynosz\u0105 korzy\u015bci funkcjonalne, ale tak\u017ce prezentuj\u0105 si\u0119 profesjonalnie, dodaj\u0105c atrakcyjno\u015bci Twojemu ci\u0105gnikowi.<\/p><\/li><\/ul><p>Nasze obci\u0105\u017cniki TUZ to niezb\u0119dny element wyposa\u017cenia dla rolnik\u00f3w, kt\u00f3rzy ceni\u0105 sobie stabilno\u015b\u0107, kontrol\u0119 i bezpiecze\u0144stwo podczas pracy. Wybierz nasze obci\u0105\u017cniki, by zwi\u0119kszy\u0107 efektywno\u015b\u0107 swoich operacji i poprawi\u0107 wyniki uprawy.<\/p>\t\t\t\t\t\t<\/div>\n\t\t\t\t<\/div>\n\t\t\t\t\t<\/div>\n\t\t<\/div>\n\t\t\t\t\t\t\t<\/div>\n\t\t<\/section>\n\t\t\t\t\t\t\t<\/div>\n\t\t","protected":false},"excerpt":{"rendered":"<p>Nasze obci\u0105\u017cniki TUZ &#8211; doskona\u0142e rozwi\u0105zanie dla Twojego ci\u0105gnika: Optymalne Dopasowanie: Nasze obci\u0105\u017cniki TUZ zosta\u0142y stworzone, aby dostosowa\u0107 si\u0119 do r\u00f3\u017cnorodnych modeli ci\u0105gnik\u00f3w. Zapewniaj\u0105 idealne dopasowanie do uk\u0142adu zawieszania trzypunktowego (TUZ) Twojego ci\u0105gnika. Zwi\u0119kszona Stabilno\u015b\u0107: Dzi\u0119ki strategicznie rozmieszczonym obci\u0105\u017cnikom, uzyskasz znacz\u0105c\u0105 popraw\u0119 w stabilno\u015bci ci\u0105gnika podczas pracy. To oznacza pewniejsze manewrowanie i bezpieczniejsze operacje. Zr\u00f3\u017cnicowana &#8230; <a title=\"Obci\u0105\u017cnik TUZ\" class=\"read-more\" href=\"https:\/\/jmstructure.pl\/index.php\/obciaznik-tuz\/\" aria-label=\"Wi\u0119cej na Obci\u0105\u017cnik TUZ\">Dowiedz si\u0119 wi\u0119cej<\/a><\/p>\n","protected":false},"author":1,"featured_media":0,"parent":0,"menu_order":0,"comment_status":"closed","ping_status":"closed","template":"","meta":{"footnotes":""},"_links":{"self":[{"href":"https:\/\/jmstructure.pl\/index.php\/wp-json\/wp\/v2\/pages\/349"}],"collection":[{"href":"https:\/\/jmstructure.pl\/index.php\/wp-json\/wp\/v2\/pages"}],"about":[{"href":"https:\/\/jmstructure.pl\/index.php\/wp-json\/wp\/v2\/types\/page"}],"author":[{"embeddable":true,"href":"https:\/\/jmstructure.pl\/index.php\/wp-json\/wp\/v2\/users\/1"}],"replies":[{"embeddable":true,"href":"https:\/\/jmstructure.pl\/index.php\/wp-json\/wp\/v2\/comments?post=349"}],"version-history":[{"count":4,"href":"https:\/\/jmstructure.pl\/index.php\/wp-json\/wp\/v2\/pages\/349\/revisions"}],"predecessor-version":[{"id":392,"href":"https:\/\/jmstructure.pl\/index.php\/wp-json\/wp\/v2\/pages\/349\/revisions\/392"}],"wp:attachment":[{"href":"https:\/\/jmstructure.pl\/index.php\/wp-json\/wp\/v2\/media?parent=349"}],"curies":[{"name":"wp","href":"https:\/\/api.w.org\/{rel}","templated":true}]}}