{"id":346,"date":"2023-08-28T14:46:33","date_gmt":"2023-08-28T14:46:33","guid":{"rendered":"https:\/\/jmstructure.pl\/?page_id=346"},"modified":"2023-08-28T15:09:30","modified_gmt":"2023-08-28T15:09:30","slug":"widly-do-obornika","status":"publish","type":"page","link":"https:\/\/jmstructure.pl\/index.php\/widly-do-obornika\/","title":{"rendered":"Wid\u0142y do obornika"},"content":{"rendered":"\t\t<div data-elementor-type=\"wp-page\" data-elementor-id=\"346\" class=\"elementor elementor-346\">\n\t\t\t\t\t\t\t\t\t<section class=\"elementor-section elementor-top-section elementor-element elementor-element-5d9f9a1 elementor-section-boxed elementor-section-height-default elementor-section-height-default\" data-id=\"5d9f9a1\" data-element_type=\"section\">\n\t\t\t\t\t\t<div class=\"elementor-container elementor-column-gap-default\">\n\t\t\t\t\t<div class=\"elementor-column elementor-col-100 elementor-top-column elementor-element elementor-element-cc838a6\" data-id=\"cc838a6\" data-element_type=\"column\">\n\t\t\t<div class=\"elementor-widget-wrap elementor-element-populated\">\n\t\t\t\t\t\t\t\t<div class=\"elementor-element elementor-element-ab26846 elementor-widget elementor-widget-text-editor\" data-id=\"ab26846\" data-element_type=\"widget\" data-widget_type=\"text-editor.default\">\n\t\t\t\t<div class=\"elementor-widget-container\">\n\t\t\t<style>\/*! elementor - v3.15.0 - 20-08-2023 *\/\n.elementor-widget-text-editor.elementor-drop-cap-view-stacked .elementor-drop-cap{background-color:#69727d;color:#fff}.elementor-widget-text-editor.elementor-drop-cap-view-framed .elementor-drop-cap{color:#69727d;border:3px solid;background-color:transparent}.elementor-widget-text-editor:not(.elementor-drop-cap-view-default) .elementor-drop-cap{margin-top:8px}.elementor-widget-text-editor:not(.elementor-drop-cap-view-default) .elementor-drop-cap-letter{width:1em;height:1em}.elementor-widget-text-editor .elementor-drop-cap{float:left;text-align:center;line-height:1;font-size:50px}.elementor-widget-text-editor .elementor-drop-cap-letter{display:inline-block}<\/style>\t\t\t\t<p>&nbsp; &nbsp; &nbsp; &nbsp; Dzi\u0119ki solidnej konstrukcji i precyzyjnemu wykonaniu, wide\u0142ki do obornika zapewniaj\u0105 pewny chwyt i stabilno\u015b\u0107 podczas przenoszenia. To nie tylko oszcz\u0119dno\u015b\u0107 czasu, ale tak\u017ce gwarancja dok\u0142adno\u015bci w rozk\u0142adaniu obornika, co przek\u0142ada si\u0119 na lepsz\u0105 jako\u015b\u0107 nawo\u017cenia Twoich p\u00f3l.<\/p>\n<p>Ponadto, nasze wid\u0142y do obornika zosta\u0142y zaprojektowane z my\u015bl\u0105 o higienie i \u0142atwo\u015bci czyszczenia. To oznacza, \u017ce mo\u017cesz skupi\u0107 si\u0119 na swojej pracy, a nie na konieczno\u015bci utrzymania narz\u0119dzia w odpowiedniej kondycji.<\/p>\n<p>Odkryj doskona\u0142\u0105 wydajno\u015b\u0107, solidno\u015b\u0107 i ergonomi\u0119 w jednym narz\u0119dziu. Nasze wid\u0142y do obornika &#8211; dla efektywno\u015bci Twojego gospodarstwa i lepszych rezultat\u00f3w uprawy.<\/p>\n<p>Parametry techniczne:<\/p>\n<ul>\n<li>\n<p><strong>Solidna Konstrukcja:<\/strong> Wykonane z trwa\u0142ej blachy 4 mm oraz licznymi wzmocnieniami. Nasze wide\u0142ki do obornika s\u0105 gotowe sprosta\u0107 nawet najtrudniejszym zadaniom.<\/p>\n<\/li>\n<li>\n<p><strong>Mocowanie:<\/strong> Euro-ramka\/SMS, inne dost\u0119pne na zam\u00f3wienie<\/p>\n<\/li>\n<li>\n<p><strong>Szeroko\u015b\u0107:<\/strong>&nbsp;1200 mm, 1400 mm, 1600 mm, 1800 mm i 2000 mm, by\u015b m\u00f3g\u0142 wybra\u0107 t\u0119 idealn\u0105 dla swojej pracy.<\/p>\n<\/li>\n<li>\n<p><strong>Dostawa w Ca\u0142ej Polsce:<\/strong> Niezale\u017cnie od lokalizacji, dostarczymy produkt prosto pod Twoje drzwi.<\/p>\n<\/li>\n<li>\n<p><strong>Gwarancja:<\/strong> Oferujemy gwarancj\u0119, by\u015b m\u00f3g\u0142 mie\u0107 pewno\u015b\u0107, \u017ce inwestujesz w jako\u015b\u0107.<\/p>\n<\/li>\n<li>\n<p><strong>Wytrzyma\u0142o\u015b\u0107 i Odporno\u015b\u0107:<\/strong> Elementy nara\u017cone na obci\u0105\u017cenia wykonane s\u0105 ze stali o podwy\u017cszonej wytrzyma\u0142o\u015bci, co gwarantuje d\u0142ugotrwa\u0142\u0105 efektywno\u015b\u0107.<\/p>\n<\/li>\n<li>\n<p><strong>Trwa\u0142a Pow\u0142oka Lakiernicza:<\/strong> Pow\u0142oka lakiernicza chroni przed korozj\u0105 i uszkodzeniami.<\/p>\n<\/li>\n<li>\n<p><strong>Najwy\u017csza Jako\u015b\u0107 Z\u0119b\u00f3w:<\/strong> Nasze wide\u0142ki wyposa\u017cone s\u0105 w z\u0119by KUTE o najwy\u017cszej jako\u015bci, co przek\u0142ada si\u0119 na efektywno\u015b\u0107 i niezawodno\u015b\u0107.<\/p>\n<\/li>\n<\/ul>\t\t\t\t\t\t<\/div>\n\t\t\t\t<\/div>\n\t\t\t\t\t<\/div>\n\t\t<\/div>\n\t\t\t\t\t\t\t<\/div>\n\t\t<\/section>\n\t\t\t\t\t\t\t<\/div>\n\t\t","protected":false},"excerpt":{"rendered":"<p>&nbsp; &nbsp; &nbsp; &nbsp; Dzi\u0119ki solidnej konstrukcji i precyzyjnemu wykonaniu, wide\u0142ki do obornika zapewniaj\u0105 pewny chwyt i stabilno\u015b\u0107 podczas przenoszenia. To nie tylko oszcz\u0119dno\u015b\u0107 czasu, ale tak\u017ce gwarancja dok\u0142adno\u015bci w rozk\u0142adaniu obornika, co przek\u0142ada si\u0119 na lepsz\u0105 jako\u015b\u0107 nawo\u017cenia Twoich p\u00f3l. Ponadto, nasze wid\u0142y do obornika zosta\u0142y zaprojektowane z my\u015bl\u0105 o higienie i \u0142atwo\u015bci czyszczenia. &#8230; <a title=\"Wid\u0142y do obornika\" class=\"read-more\" href=\"https:\/\/jmstructure.pl\/index.php\/widly-do-obornika\/\" aria-label=\"Wi\u0119cej na Wid\u0142y do obornika\">Dowiedz si\u0119 wi\u0119cej<\/a><\/p>\n","protected":false},"author":1,"featured_media":0,"parent":0,"menu_order":0,"comment_status":"closed","ping_status":"closed","template":"","meta":{"footnotes":""},"_links":{"self":[{"href":"https:\/\/jmstructure.pl\/index.php\/wp-json\/wp\/v2\/pages\/346"}],"collection":[{"href":"https:\/\/jmstructure.pl\/index.php\/wp-json\/wp\/v2\/pages"}],"about":[{"href":"https:\/\/jmstructure.pl\/index.php\/wp-json\/wp\/v2\/types\/page"}],"author":[{"embeddable":true,"href":"https:\/\/jmstructure.pl\/index.php\/wp-json\/wp\/v2\/users\/1"}],"replies":[{"embeddable":true,"href":"https:\/\/jmstructure.pl\/index.php\/wp-json\/wp\/v2\/comments?post=346"}],"version-history":[{"count":7,"href":"https:\/\/jmstructure.pl\/index.php\/wp-json\/wp\/v2\/pages\/346\/revisions"}],"predecessor-version":[{"id":365,"href":"https:\/\/jmstructure.pl\/index.php\/wp-json\/wp\/v2\/pages\/346\/revisions\/365"}],"wp:attachment":[{"href":"https:\/\/jmstructure.pl\/index.php\/wp-json\/wp\/v2\/media?parent=346"}],"curies":[{"name":"wp","href":"https:\/\/api.w.org\/{rel}","templated":true}]}}