{"id":336,"date":"2023-08-28T14:43:11","date_gmt":"2023-08-28T14:43:11","guid":{"rendered":"https:\/\/jmstructure.pl\/?page_id=336"},"modified":"2023-08-28T15:26:33","modified_gmt":"2023-08-28T15:26:33","slug":"adapter-tuz-euro","status":"publish","type":"page","link":"https:\/\/jmstructure.pl\/index.php\/adapter-tuz-euro\/","title":{"rendered":"Adapter EURO\/TUZ"},"content":{"rendered":"\t\t<div data-elementor-type=\"wp-page\" data-elementor-id=\"336\" class=\"elementor elementor-336\">\n\t\t\t\t\t\t\t\t\t<section class=\"elementor-section elementor-top-section elementor-element elementor-element-7379831 elementor-section-boxed elementor-section-height-default elementor-section-height-default\" data-id=\"7379831\" data-element_type=\"section\">\n\t\t\t\t\t\t<div class=\"elementor-container elementor-column-gap-default\">\n\t\t\t\t\t<div class=\"elementor-column elementor-col-100 elementor-top-column elementor-element elementor-element-231efaf\" data-id=\"231efaf\" data-element_type=\"column\">\n\t\t\t<div class=\"elementor-widget-wrap elementor-element-populated\">\n\t\t\t\t\t\t\t\t<div class=\"elementor-element elementor-element-ec8a36f elementor-widget elementor-widget-text-editor\" data-id=\"ec8a36f\" data-element_type=\"widget\" data-widget_type=\"text-editor.default\">\n\t\t\t\t<div class=\"elementor-widget-container\">\n\t\t\t<style>\/*! elementor - v3.15.0 - 20-08-2023 *\/\n.elementor-widget-text-editor.elementor-drop-cap-view-stacked .elementor-drop-cap{background-color:#69727d;color:#fff}.elementor-widget-text-editor.elementor-drop-cap-view-framed .elementor-drop-cap{color:#69727d;border:3px solid;background-color:transparent}.elementor-widget-text-editor:not(.elementor-drop-cap-view-default) .elementor-drop-cap{margin-top:8px}.elementor-widget-text-editor:not(.elementor-drop-cap-view-default) .elementor-drop-cap-letter{width:1em;height:1em}.elementor-widget-text-editor .elementor-drop-cap{float:left;text-align:center;line-height:1;font-size:50px}.elementor-widget-text-editor .elementor-drop-cap-letter{display:inline-block}<\/style>\t\t\t\t<p>Nasz adapter EURO\/TUZ \u2013 wszechstronne rozwi\u0105zanie dla Twojego gospodarstwa:<\/p><ul><li><p><strong>Wszechstronno\u015b\u0107 Zastosowania:<\/strong> Adapter jest tak zaprojektowany, aby spe\u0142nia\u0107 Twoje oczekiwania, niezale\u017cnie od konfiguracji Twojego ci\u0105gnika. Mo\u017ce by\u0107 u\u017cywany zar\u00f3wno na tylnym jak i przednim uk\u0142adzie zawieszania ci\u0105gnika typu TUZ kategorii 2.\u00a0<\/p><\/li><li><p><strong>Solidna Konstrukcja:<\/strong> Nasz adapter zosta\u0142 stworzony z my\u015bl\u0105 o wytrzyma\u0142o\u015bci i trwa\u0142o\u015bci. Profile grubo\u015bcienne gwarantuj\u0105 niezawodno\u015b\u0107 i bezpiecze\u0144stwo podczas prac.<\/p><\/li><li><p><strong>Pot\u0119\u017cny Ud\u017awig:<\/strong> Z zdolno\u015bci\u0105 do uniesienia a\u017c 1000 kg, nasz adapter jest gotowy do obs\u0142ugi nawet najci\u0119\u017cszych zada\u0144..<\/p><\/li><\/ul><p>Oto rozwi\u0105zanie, kt\u00f3ra stawia Twoje potrzeby na pierwszym miejscu. Bez wzgl\u0119du na to, czy potrzebujesz mocowania na przodzie czy na tr\u00f3jpunktowym uk\u0142adzie z ty\u0142u, nasz adapter dostarcza elastyczno\u015bci i niezawodno\u015bci. Zwi\u0119ksz swobod\u0119 dzia\u0142ania i skorzystaj z pot\u0119\u017cnej mocy &#8222;Naszego Adapera&#8221;.<\/p>\t\t\t\t\t\t<\/div>\n\t\t\t\t<\/div>\n\t\t\t\t\t<\/div>\n\t\t<\/div>\n\t\t\t\t\t\t\t<\/div>\n\t\t<\/section>\n\t\t\t\t\t\t\t<\/div>\n\t\t","protected":false},"excerpt":{"rendered":"<p>Nasz adapter EURO\/TUZ \u2013 wszechstronne rozwi\u0105zanie dla Twojego gospodarstwa: Wszechstronno\u015b\u0107 Zastosowania: Adapter jest tak zaprojektowany, aby spe\u0142nia\u0107 Twoje oczekiwania, niezale\u017cnie od konfiguracji Twojego ci\u0105gnika. Mo\u017ce by\u0107 u\u017cywany zar\u00f3wno na tylnym jak i przednim uk\u0142adzie zawieszania ci\u0105gnika typu TUZ kategorii 2.\u00a0 Solidna Konstrukcja: Nasz adapter zosta\u0142 stworzony z my\u015bl\u0105 o wytrzyma\u0142o\u015bci i trwa\u0142o\u015bci. Profile grubo\u015bcienne gwarantuj\u0105 &#8230; <a title=\"Adapter EURO\/TUZ\" class=\"read-more\" href=\"https:\/\/jmstructure.pl\/index.php\/adapter-tuz-euro\/\" aria-label=\"Wi\u0119cej na Adapter EURO\/TUZ\">Dowiedz si\u0119 wi\u0119cej<\/a><\/p>\n","protected":false},"author":1,"featured_media":0,"parent":0,"menu_order":0,"comment_status":"closed","ping_status":"closed","template":"","meta":{"footnotes":""},"_links":{"self":[{"href":"https:\/\/jmstructure.pl\/index.php\/wp-json\/wp\/v2\/pages\/336"}],"collection":[{"href":"https:\/\/jmstructure.pl\/index.php\/wp-json\/wp\/v2\/pages"}],"about":[{"href":"https:\/\/jmstructure.pl\/index.php\/wp-json\/wp\/v2\/types\/page"}],"author":[{"embeddable":true,"href":"https:\/\/jmstructure.pl\/index.php\/wp-json\/wp\/v2\/users\/1"}],"replies":[{"embeddable":true,"href":"https:\/\/jmstructure.pl\/index.php\/wp-json\/wp\/v2\/comments?post=336"}],"version-history":[{"count":8,"href":"https:\/\/jmstructure.pl\/index.php\/wp-json\/wp\/v2\/pages\/336\/revisions"}],"predecessor-version":[{"id":383,"href":"https:\/\/jmstructure.pl\/index.php\/wp-json\/wp\/v2\/pages\/336\/revisions\/383"}],"wp:attachment":[{"href":"https:\/\/jmstructure.pl\/index.php\/wp-json\/wp\/v2\/media?parent=336"}],"curies":[{"name":"wp","href":"https:\/\/api.w.org\/{rel}","templated":true}]}}