{"id":269,"date":"2023-08-28T13:37:57","date_gmt":"2023-08-28T13:37:57","guid":{"rendered":"https:\/\/jmstructure.pl\/index.php\/produkty\/"},"modified":"2023-08-28T13:37:57","modified_gmt":"2023-08-28T13:37:57","slug":"produkty","status":"publish","type":"page","link":"https:\/\/jmstructure.pl\/index.php\/produkty\/","title":{"rendered":"Produkty"},"content":{"rendered":"            <div id=\"product_listing\" class=\"post-269 page type-page status-publish al_product responsive\">\n\t\t\t<div class=\"ic-catalog-container\"><style>.ic_spinner{background: url(https:\/\/jmstructure.pl\/wp-admin\/images\/spinner.gif) no-repeat;}<\/style><h2 class=\"catalog-header\">G\u0142\u00f3wne kategorie<\/h2><style>.ic_spinner{background: url(https:\/\/jmstructure.pl\/wp-admin\/images\/spinner.gif) no-repeat;}<\/style>    <div class=\"product-subcategories responsive default  per-row-2\">\n\t\t\n\n    <div class=\"al_archive category-4 modern-grid-element green-box ic-design \">\n        <a class=\"pseudo-a\" href=\"https:\/\/jmstructure.pl\/index.php\/products-category\/osprzet-do-ladowaczy-czolowych\/\"><\/a>\n        <div class=\"pseudo\"><\/div>\n        <a href=\"https:\/\/jmstructure.pl\/index.php\/products-category\/osprzet-do-ladowaczy-czolowych\/\"><img class=\"modern-grid-image\" src=\"https:\/\/jmstructure.pl\/wp-content\/plugins\/ecommerce-product-catalog\/img\/no-default-thumbnail.png\" alt=\"Osprz\u0119t do \u0142adowaczy czo\u0142owych\">            <h3 class=\"product-name green-box ic-design\">Osprz\u0119t do \u0142adowaczy czo\u0142owych<\/h3>\n        <\/a>\n    <\/div>\n\n    <\/div>\n<div id=\"product_filters_bar\" class=\"product-sort-bar green-box ic-design \"><div id=\"block-13\" class=\"filter-widget widget_block product-search-widget\"><div class=\"ic-block-product-search-widget wp-block-ic-epc-product-search-widget\"><div class=\"widget product_search search widget_search\">    <form role=\"search\" class=\"green-box ic-design\" method=\"get\"\n          id=\"product_search_form\" action=\"https:\/\/jmstructure.pl\/\">\n\t\t<input type=\"hidden\" name=\"post_type\" value=\"al_product\" \/>        <div class=\"ic-search-container\">\n\t\t\t            <input class=\"product-search-box\" type=\"search\" value=\"\" name=\"s\"\n                   placeholder=\"Wyszukiwanie produktu\"\/>\n            <input class=\"product-search-submit\" type=\"submit\" id=\"searchsubmit\"\n                   value=\"\"\/>\n        <\/div>\n    <\/form>\n\t<\/div><\/div><\/div><div id=\"block-14\" class=\"filter-widget widget_block product-sort-filter\"><div class=\"ic-block-product-sort-filter wp-block-ic-epc-product-sort-filter\"><div class=\"widget product_sort_filter\"><form class=\"product_order ic_ajax \" data-ic_responsive_label=\"Sortuj wed\u0142ug\" data-ic_ajax=\"product_order\" action=\"\"><select class=\"product_order_selector ic_self_submit\" name=\"product_order\"><option value=\"newest\"  selected='selected'>Sortuj od najnowszych<\/option><option value=\"product-name\" >Sortuj wg nazwy<\/option><\/select><\/form><\/div><\/div><\/div><div id=\"block-15\" class=\"filter-widget widget_block product-price-filter\"><div class=\"widget product_price_filter\">                <div class=\"price-filter ic_ajax green-box ic-design \"\n                     data-ic_ajax=\"price-filter\"\n                     data-ic_responsive_label=\"Cena\"\n                     data-ic_ajax_data=\"{&quot;instance&quot;:{&quot;title&quot;:&quot;&quot;,&quot;shortcode_support&quot;:false,&quot;ic_context_id&quot;:0,&quot;ic_context_post_type&quot;:&quot;&quot;},&quot;args&quot;:{&quot;before_widget&quot;:&quot;&lt;div class=\\&quot;widget product_price_filter\\&quot;&gt;&quot;,&quot;after_widget&quot;:&quot;&lt;\\\/div&gt;&quot;,&quot;before_title&quot;:&quot;&lt;h2 class=\\&quot;widgettitle\\&quot;&gt;&quot;,&quot;after_title&quot;:&quot;&lt;\\\/h2&gt;&quot;}}\">\n                    <span class=\"filter-label\">Cena:<\/span>\n                    <form class=\"price-filter-form\" action=\"\">\n\t\t\t\t\t\t                        <input class=\"number-box\" placeholder=\"&#122;&#322;\" type=\"number\" min=\"0\"\n                               step=\"0.01\" name=\"min-price\" value=\"\"> - <input\n                                placeholder=\"&#122;&#322;\" min=\"0\" step=\"0.01\" type=\"number\"\n                                class=\"number-box\" name=\"max-price\" value=\"\">\n                        <input class=\"price-filter-submit\" type=\"submit\" value=\"OK\">\n\t\t\t\t\t\t                    <\/form>\n\t\t\t\t\t                <\/div>\n\t\t\t\t<\/div><\/div><div id=\"block-16\" class=\"filter-widget widget_block product-category-filter\"><div class=\"ic-block-product-category-filter wp-block-ic-epc-product-category-filter\"><div class=\"widget product_category_filter\"><div class=\"product-category-filter-container ic_ajax\" data-ic_responsive_label=\"Kategoria\" data-ic_ajax=\"product-category-filter-container\" data-ic_ajax_data=\"{&quot;instance&quot;:{&quot;title&quot;:&quot;&quot;,&quot;shortcode_support&quot;:false,&quot;ic_context_id&quot;:0,&quot;ic_context_post_type&quot;:&quot;&quot;},&quot;args&quot;:{&quot;before_widget&quot;:&quot;&lt;div class=\\&quot;widget product_category_filter\\&quot;&gt;&quot;,&quot;after_widget&quot;:&quot;&lt;\\\/div&gt;&quot;,&quot;before_title&quot;:&quot;&lt;h2 class=\\&quot;widgettitle\\&quot;&gt;&quot;,&quot;after_title&quot;:&quot;&lt;\\\/h2&gt;&quot;}}\"><a class=\"filter-url\" href=\"\/index.php\/wp-json\/wp\/v2\/pages\/269?product_category=4\" >Osprz\u0119t do \u0142adowaczy czo\u0142owych <span class=\"ic-catalog-category-count\">(1)<\/span><\/a><\/div><\/div><\/div><\/div><div class=\"clear-both\"><\/div><\/div><div class=\"product-list default  per-row-2\" >\n\n    <div class=\"al_archive product-271 modern-grid-element green-box ic-design publish no-price\">\n\t\t        <div class=\"pseudo\"><\/div>\n        <a href=\"https:\/\/jmstructure.pl\/index.php\/produkty\/lyzka\/\"><img class=\"modern-grid-image\" src=\"https:\/\/jmstructure.pl\/wp-content\/plugins\/ecommerce-product-catalog\/img\/no-default-thumbnail.png\" alt=\"\u0141y\u017cka\">            <h3 class=\"product-name green-box ic-design\">\u0141y\u017cka<\/h3>\n\t\t\t<span class=\"product-price red-price big-price ic-design\">Bezp\u0142atnie<\/span>        <\/a>\n\t\t    <\/div>\n\n\n\n    <div class=\"al_archive product-268 modern-grid-element green-box ic-design publish priced\">\n\t\t        <div class=\"pseudo\"><\/div>\n        <a href=\"https:\/\/jmstructure.pl\/index.php\/produkty\/przykladowa-strona-produktu\/\"><img class=\"modern-grid-image\" src=\"https:\/\/jmstructure.pl\/wp-content\/plugins\/ecommerce-product-catalog\/img\/no-default-thumbnail.png\" alt=\"Przyk\u0142adowa Strona Produktu\">            <h3 class=\"product-name green-box ic-design\">Przyk\u0142adowa Strona Produktu<\/h3>\n\t\t\t<span class=\"product-price red-price big-price ic-design\">&#122;&#322;30,00<\/span>        <\/a>\n\t\t    <\/div>\n\n<\/div>    <span class=\"clear\"><\/span>\n\t<\/div>            <\/div>\n\t\t\t\n","protected":false},"excerpt":{"rendered":"","protected":false},"author":1,"featured_media":0,"parent":0,"menu_order":0,"comment_status":"closed","ping_status":"closed","template":"","meta":{"footnotes":""},"_links":{"self":[{"href":"https:\/\/jmstructure.pl\/index.php\/wp-json\/wp\/v2\/pages\/269"}],"collection":[{"href":"https:\/\/jmstructure.pl\/index.php\/wp-json\/wp\/v2\/pages"}],"about":[{"href":"https:\/\/jmstructure.pl\/index.php\/wp-json\/wp\/v2\/types\/page"}],"author":[{"embeddable":true,"href":"https:\/\/jmstructure.pl\/index.php\/wp-json\/wp\/v2\/users\/1"}],"replies":[{"embeddable":true,"href":"https:\/\/jmstructure.pl\/index.php\/wp-json\/wp\/v2\/comments?post=269"}],"version-history":[{"count":0,"href":"https:\/\/jmstructure.pl\/index.php\/wp-json\/wp\/v2\/pages\/269\/revisions"}],"wp:attachment":[{"href":"https:\/\/jmstructure.pl\/index.php\/wp-json\/wp\/v2\/media?parent=269"}],"curies":[{"name":"wp","href":"https:\/\/api.w.org\/{rel}","templated":true}]}}